{"id":350,"date":"2021-10-07T11:33:01","date_gmt":"2021-10-07T09:33:01","guid":{"rendered":"https:\/\/meditation-chemindesroches.be\/WP\/?page_id=350"},"modified":"2021-10-20T16:47:22","modified_gmt":"2021-10-20T14:47:22","slug":"la-meditation-dans-tous-ses-etats","status":"publish","type":"page","link":"http:\/\/meditation-chemindesroches.be\/WP\/la-meditation-dans-tous-ses-etats\/","title":{"rendered":"La m\u00e9ditation dans tous ses \u00e9tats"},"content":{"rendered":"\n<p class=\"has-large-font-size\"><strong>La m\u00e9ditation dans tous ses \u00e9tats<\/strong><\/p>\n\n\n\n<p>Tout va si vite. Souvent, nous perdons le contact avec l\u2019essentiel qui nous fonde, la terre qui nous porte, le lien qui nous relie \u00e0 tout ce qui vit. Cette perte de contact a des cons\u00e9quences dramatiques d\u2019ordre personnel, soci\u00e9tal et environnemental. Depuis toujours, des humains, quelle que soit leur culture ou tradition, ont cr\u00e9\u00e9 des fa\u00e7ons de s\u2019arr\u00eater, de faire silence et d\u2019\u00e9couter ensemble le souffle qui les anime, le grand c\u0153ur de la vie qui bat en chacun et en tout.\u00a0<\/p>\n\n\n\n<p>La Maison du Chemin des Roches est un lieu o\u00f9 pratiquer cet art de la pause et de l\u2019\u00e9coute profonde que l\u2019on nomme m\u00e9ditation.&nbsp;<\/p>\n\n\n\n<p>Une pluralit\u00e9 d\u2019approches traditionnelles et contemporaines sont propos\u00e9es, notamment des pratiques issues du programme de\u00a0 m\u00e9ditation la\u00efque bas\u00e9e sur la\u00a0 Pleine conscience ou Mindfulness\u00a0 d\u00e9velopp\u00e9 par Jon Kabat-Zinn, la m\u00e9ditation bouddhiste zen, la m\u00e9ditation h\u00e9sychaste \u2013 d\u2019origine chr\u00e9tienne orientale \u2013 et peut-\u00eatre d\u2019autres formes de m\u00e9ditation, issues de courants anciens ou modernes. Certains stages combinent la m\u00e9ditation au yoga, aux arts martiaux, \u00e0 la cuisine ayurv\u00e9dique, \u00e0 la danse, au chant, \u00e0 l&rsquo;\u00e9criture, au dessin&#8230;.<\/p>\n\n\n\n<p>Le point central des valeurs de la fondation r\u00e9side dans l\u2019absence de pros\u00e9lytisme, le respect de la sp\u00e9cificit\u00e9 de chaque approche et la compl\u00e8te autonomie par rapport \u00e0 toute institution et autorit\u00e9 philosophique, spirituelle ou religieuse. Notre fondation est \u00e0 vis\u00e9e non lucrative, bas\u00e9e sur des valeurs de solidarit\u00e9 et de pluralisme. Nous portons une attention toute particuli\u00e8re \u00e0 ce que nos activit\u00e9s soient ouvertes \u00e0 des publics fragilis\u00e9s,\u00a0notamment en am\u00e9nageant les lieux pour les personnes \u00e0 mobilit\u00e9 r\u00e9duite et en pratiquant des tarifs accessibles\u00a0aux personnes \u00e0 revenus modestes.<\/p>\n","protected":false},"excerpt":{"rendered":"<p>La m\u00e9ditation dans tous ses \u00e9tats Tout va si vite. Souvent, nous perdons le contact avec l\u2019essentiel qui nous fonde, la terre qui nous porte,&hellip;<\/p>\n","protected":false},"author":1,"featured_media":0,"parent":0,"menu_order":0,"comment_status":"closed","ping_status":"closed","template":"","meta":{"pgc_sgb_lightbox_settings":"","_EventAllDay":false,"_EventTimezone":"","_EventStartDate":"","_EventEndDate":"","_EventStartDateUTC":"","_EventEndDateUTC":"","_EventShowMap":false,"_EventShowMapLink":false,"_EventURL":"","_EventCost":"","_EventCostDescription":"","_EventCurrencySymbol":"","_EventCurrencyCode":"","_EventCurrencyPosition":"","_EventDateTimeSeparator":"","_EventTimeRangeSeparator":"","_EventOrganizerID":[],"_EventVenueID":[],"_OrganizerEmail":"","_OrganizerPhone":"","_OrganizerWebsite":"","_VenueAddress":"","_VenueCity":"","_VenueCountry":"","_VenueProvince":"","_VenueState":"","_VenueZip":"","_VenuePhone":"","_VenueURL":"","_VenueStateProvince":"","_VenueLat":"","_VenueLng":"","_VenueShowMap":false,"_VenueShowMapLink":false,"footnotes":""},"class_list":["post-350","page","type-page","status-publish","hentry"],"rttpg_featured_image_url":null,"rttpg_author":{"display_name":"BarFab","author_link":"http:\/\/meditation-chemindesroches.be\/WP\/author\/barfab\/"},"rttpg_comment":0,"rttpg_category":null,"rttpg_excerpt":"La m\u00e9ditation dans tous ses \u00e9tats Tout va si vite. Souvent, nous perdons le contact avec l\u2019essentiel qui nous fonde, la terre qui nous porte,&hellip;","_links":{"self":[{"href":"http:\/\/meditation-chemindesroches.be\/WP\/wp-json\/wp\/v2\/pages\/350","targetHints":{"allow":["GET"]}}],"collection":[{"href":"http:\/\/meditation-chemindesroches.be\/WP\/wp-json\/wp\/v2\/pages"}],"about":[{"href":"http:\/\/meditation-chemindesroches.be\/WP\/wp-json\/wp\/v2\/types\/page"}],"author":[{"embeddable":true,"href":"http:\/\/meditation-chemindesroches.be\/WP\/wp-json\/wp\/v2\/users\/1"}],"replies":[{"embeddable":true,"href":"http:\/\/meditation-chemindesroches.be\/WP\/wp-json\/wp\/v2\/comments?post=350"}],"version-history":[{"count":4,"href":"http:\/\/meditation-chemindesroches.be\/WP\/wp-json\/wp\/v2\/pages\/350\/revisions"}],"predecessor-version":[{"id":510,"href":"http:\/\/meditation-chemindesroches.be\/WP\/wp-json\/wp\/v2\/pages\/350\/revisions\/510"}],"wp:attachment":[{"href":"http:\/\/meditation-chemindesroches.be\/WP\/wp-json\/wp\/v2\/media?parent=350"}],"curies":[{"name":"wp","href":"https:\/\/api.w.org\/{rel}","templated":true}]}}