{"id":39,"date":"2021-10-05T16:57:46","date_gmt":"2021-10-05T14:57:46","guid":{"rendered":"https:\/\/meditation-chemindesroches.be\/WP\/?page_id=39"},"modified":"2021-10-08T14:02:32","modified_gmt":"2021-10-08T12:02:32","slug":"benevolat","status":"publish","type":"page","link":"http:\/\/meditation-chemindesroches.be\/WP\/benevolat\/","title":{"rendered":"Vous pouvez nous aider&#8230;"},"content":{"rendered":"\n<p class=\"has-large-font-size\"><strong><em>Vous pouvez nous aider&#8230;<\/em><\/strong><\/p>\n\n\n\n<p>Beaucoup de retraitants t\u00e9moignent qu&rsquo;\u00e0 la Maison du Chemin des Roches ils se sentent revenir chez eux.<\/p>\n\n\n\n<p>Et effectivement cette Maison est celle de toute personne qui s&rsquo;y sent bien.<\/p>\n\n\n\n<p>Si c&rsquo;est votre cas et que vous sentez l&rsquo;\u00e9lan d&#8217;embellir ce lieu de votre pr\u00e9sence et de votre travail, merci de vous inscrire en nous envoyant un <a rel=\"noreferrer noopener\" href=\"mailto:info@meditation-chemindesroches.be\" target=\"_blank\">message<\/a>. <\/p>\n\n\n\n<p>D\u00e9j\u00e0 merci !<\/p>\n\n\n\n<p><br>Nos prochaines activit\u00e9s pour les b\u00e9n\u00e9voles:<\/p>\n\n\n\n<div class=\"mec-wrap mec-skin-grid-container  \" id=\"mec_skin_474\">\n\n    \n        <div class=\"mec-skin-grid-events-container\" id=\"mec_skin_events_474\">\n        Pas d'\u00e9v\u00e8nement pr\u00e9vu \u00e0 ce jour...    <\/div>\n    \n    \n<\/div>\n\n","protected":false},"excerpt":{"rendered":"<p>Vous pouvez nous aider&#8230; Beaucoup de retraitants t\u00e9moignent qu&rsquo;\u00e0 la Maison du Chemin des Roches ils se sentent revenir chez eux. Et effectivement cette Maison&hellip;<\/p>\n","protected":false},"author":1,"featured_media":0,"parent":0,"menu_order":0,"comment_status":"closed","ping_status":"closed","template":"","meta":{"pgc_sgb_lightbox_settings":"","_EventAllDay":false,"_EventTimezone":"","_EventStartDate":"","_EventEndDate":"","_EventStartDateUTC":"","_EventEndDateUTC":"","_EventShowMap":false,"_EventShowMapLink":false,"_EventURL":"","_EventCost":"","_EventCostDescription":"","_EventCurrencySymbol":"","_EventCurrencyCode":"","_EventCurrencyPosition":"","_EventDateTimeSeparator":"","_EventTimeRangeSeparator":"","_EventOrganizerID":[],"_EventVenueID":[],"_OrganizerEmail":"","_OrganizerPhone":"","_OrganizerWebsite":"","_VenueAddress":"","_VenueCity":"","_VenueCountry":"","_VenueProvince":"","_VenueState":"","_VenueZip":"","_VenuePhone":"","_VenueURL":"","_VenueStateProvince":"","_VenueLat":"","_VenueLng":"","_VenueShowMap":false,"_VenueShowMapLink":false,"footnotes":""},"class_list":["post-39","page","type-page","status-publish","hentry"],"rttpg_featured_image_url":null,"rttpg_author":{"display_name":"BarFab","author_link":"http:\/\/meditation-chemindesroches.be\/WP\/author\/barfab\/"},"rttpg_comment":0,"rttpg_category":null,"rttpg_excerpt":"Vous pouvez nous aider&#8230; Beaucoup de retraitants t\u00e9moignent qu&rsquo;\u00e0 la Maison du Chemin des Roches ils se sentent revenir chez eux. Et effectivement cette Maison&hellip;","_links":{"self":[{"href":"http:\/\/meditation-chemindesroches.be\/WP\/wp-json\/wp\/v2\/pages\/39","targetHints":{"allow":["GET"]}}],"collection":[{"href":"http:\/\/meditation-chemindesroches.be\/WP\/wp-json\/wp\/v2\/pages"}],"about":[{"href":"http:\/\/meditation-chemindesroches.be\/WP\/wp-json\/wp\/v2\/types\/page"}],"author":[{"embeddable":true,"href":"http:\/\/meditation-chemindesroches.be\/WP\/wp-json\/wp\/v2\/users\/1"}],"replies":[{"embeddable":true,"href":"http:\/\/meditation-chemindesroches.be\/WP\/wp-json\/wp\/v2\/comments?post=39"}],"version-history":[{"count":12,"href":"http:\/\/meditation-chemindesroches.be\/WP\/wp-json\/wp\/v2\/pages\/39\/revisions"}],"predecessor-version":[{"id":484,"href":"http:\/\/meditation-chemindesroches.be\/WP\/wp-json\/wp\/v2\/pages\/39\/revisions\/484"}],"wp:attachment":[{"href":"http:\/\/meditation-chemindesroches.be\/WP\/wp-json\/wp\/v2\/media?parent=39"}],"curies":[{"name":"wp","href":"https:\/\/api.w.org\/{rel}","templated":true}]}}