{"id":401,"date":"2021-10-05T16:56:53","date_gmt":"2021-10-05T14:56:53","guid":{"rendered":"https:\/\/meditation-chemindesroches.be\/WP\/?page_id=401"},"modified":"2024-11-04T14:15:03","modified_gmt":"2024-11-04T13:15:03","slug":"en-pratique","status":"publish","type":"page","link":"http:\/\/meditation-chemindesroches.be\/WP\/en-pratique\/","title":{"rendered":"En pratique"},"content":{"rendered":"\n<div style=\"height:1px\" aria-hidden=\"true\" class=\"wp-block-spacer\"><\/div>\n\n\n\n<p class=\"has-large-font-size\"><strong><em>O\u00f9 se trouve la Maison du Chemin des Roches?<\/em><\/strong><\/p>\n\n\n\n<div class=\"wp-block-columns is-layout-flex wp-container-core-columns-is-layout-9d6595d7 wp-block-columns-is-layout-flex\">\n<div class=\"wp-block-column is-layout-flow wp-block-column-is-layout-flow\" style=\"flex-basis:66.66%\">\n<iframe src=\"https:\/\/www.google.com\/maps\/embed?pb=!1m18!1m12!1m3!1d1687.3383363790897!2d4.82071627303978!3d50.70260020882316!2m3!1f0!2f0!3f0!3m2!1i1024!2i768!4f13.1!3m3!1m2!1s0x47c170f7bba9b367%3A0xd36581f7a3ffcf49!2sChem.%20des%20Roches%209%2C%201370%20Dongelberg!5e0!3m2!1sfr!2sbe!4v1633451878830!5m2!1sfr!2sbe\" width=\"600\" height=\"450\" style=\"border:0;\" allowfullscreen=\"\" loading=\"lazy\"><\/iframe>\n<\/div>\n\n\n\n<div class=\"wp-block-column is-layout-flow wp-block-column-is-layout-flow\" style=\"flex-basis:33.33%\">\n<div style=\"height:52px\" aria-hidden=\"true\" class=\"wp-block-spacer\"><\/div>\n\n\n\n<p>La Maison du Chemin des Roches<br>9, chemin des Roches<br>1370 Dongelberg<\/p>\n\n\n\n<p>Coordonn\u00e9es GPS:<br>N 50.70284749338936<br>E 4.821468502072189<\/p>\n<\/div>\n<\/div>\n\n\n\n<hr class=\"wp-block-separator has-css-opacity is-style-default\"\/>\n\n\n\n<p class=\"has-large-font-size\" id=\"accueil\"><strong><em>Qui vous accueille \u00e0 la Maison du Chemin des Roches?<\/em><\/strong><\/p>\n\n\n\n<figure class=\"wp-block-image size-large\"><img fetchpriority=\"high\" decoding=\"async\" width=\"1024\" height=\"683\" src=\"http:\/\/meditation-chemindesroches.be\/WP\/wp-content\/uploads\/2024\/02\/YLO1511-1024x683.jpg\" alt=\"\" class=\"wp-image-1444\" srcset=\"http:\/\/meditation-chemindesroches.be\/WP\/wp-content\/uploads\/2024\/02\/YLO1511-1024x683.jpg 1024w, http:\/\/meditation-chemindesroches.be\/WP\/wp-content\/uploads\/2024\/02\/YLO1511-300x200.jpg 300w, http:\/\/meditation-chemindesroches.be\/WP\/wp-content\/uploads\/2024\/02\/YLO1511-768x512.jpg 768w, http:\/\/meditation-chemindesroches.be\/WP\/wp-content\/uploads\/2024\/02\/YLO1511-391x260.jpg 391w, http:\/\/meditation-chemindesroches.be\/WP\/wp-content\/uploads\/2024\/02\/YLO1511-1536x1024.jpg 1536w, http:\/\/meditation-chemindesroches.be\/WP\/wp-content\/uploads\/2024\/02\/YLO1511-2048x1365.jpg 2048w\" sizes=\"(max-width: 1024px) 100vw, 1024px\" \/><\/figure>\n\n\n\n<p>Nous sommes l\u00e0 pour vous accompagner dans le bon d\u00e9roulement de votre s\u00e9jour, de la logistique \u00e0 la cuisine en passant par le m\u00e9nage et l\u2019animation, tout est occasion d\u2019approfondir notre commune pratique :<\/p>\n\n\n\n<p>Fabienne Bauwens, Barbara Verhelst, Catherine Cordonnier, Marc Moresco, Philippe Moresco \u2026<\/p>\n\n\n\n<p>Sans oublier le g\u00e9n\u00e9reux soutien de&nbsp;<a href=\"https:\/\/meditation-chemindesroches.be\/WP\/benevolat\/\">b\u00e9n\u00e9voles&nbsp;<\/a>!<\/p>\n\n\n\n<p><\/p>\n\n\n\n<div style=\"height:301px\" aria-hidden=\"true\" class=\"wp-block-spacer\"><\/div>\n\n\n\n<p><\/p>\n","protected":false},"excerpt":{"rendered":"<p>O\u00f9 se trouve la Maison du Chemin des Roches? La Maison du Chemin des Roches9, chemin des Roches1370 Dongelberg Coordonn\u00e9es GPS:N 50.70284749338936E 4.821468502072189 Qui vous&hellip;<\/p>\n","protected":false},"author":1,"featured_media":0,"parent":0,"menu_order":0,"comment_status":"closed","ping_status":"closed","template":"","meta":{"pgc_sgb_lightbox_settings":"","_EventAllDay":false,"_EventTimezone":"","_EventStartDate":"","_EventEndDate":"","_EventStartDateUTC":"","_EventEndDateUTC":"","_EventShowMap":false,"_EventShowMapLink":false,"_EventURL":"","_EventCost":"","_EventCostDescription":"","_EventCurrencySymbol":"","_EventCurrencyCode":"","_EventCurrencyPosition":"","_EventDateTimeSeparator":"","_EventTimeRangeSeparator":"","_EventOrganizerID":[],"_EventVenueID":[],"_OrganizerEmail":"","_OrganizerPhone":"","_OrganizerWebsite":"","_VenueAddress":"","_VenueCity":"","_VenueCountry":"","_VenueProvince":"","_VenueState":"","_VenueZip":"","_VenuePhone":"","_VenueURL":"","_VenueStateProvince":"","_VenueLat":"","_VenueLng":"","_VenueShowMap":false,"_VenueShowMapLink":false,"footnotes":""},"class_list":["post-401","page","type-page","status-publish","hentry"],"rttpg_featured_image_url":null,"rttpg_author":{"display_name":"BarFab","author_link":"http:\/\/meditation-chemindesroches.be\/WP\/author\/barfab\/"},"rttpg_comment":0,"rttpg_category":null,"rttpg_excerpt":"O\u00f9 se trouve la Maison du Chemin des Roches? La Maison du Chemin des Roches9, chemin des Roches1370 Dongelberg Coordonn\u00e9es GPS:N 50.70284749338936E 4.821468502072189 Qui vous&hellip;","_links":{"self":[{"href":"http:\/\/meditation-chemindesroches.be\/WP\/wp-json\/wp\/v2\/pages\/401","targetHints":{"allow":["GET"]}}],"collection":[{"href":"http:\/\/meditation-chemindesroches.be\/WP\/wp-json\/wp\/v2\/pages"}],"about":[{"href":"http:\/\/meditation-chemindesroches.be\/WP\/wp-json\/wp\/v2\/types\/page"}],"author":[{"embeddable":true,"href":"http:\/\/meditation-chemindesroches.be\/WP\/wp-json\/wp\/v2\/users\/1"}],"replies":[{"embeddable":true,"href":"http:\/\/meditation-chemindesroches.be\/WP\/wp-json\/wp\/v2\/comments?post=401"}],"version-history":[{"count":19,"href":"http:\/\/meditation-chemindesroches.be\/WP\/wp-json\/wp\/v2\/pages\/401\/revisions"}],"predecessor-version":[{"id":1592,"href":"http:\/\/meditation-chemindesroches.be\/WP\/wp-json\/wp\/v2\/pages\/401\/revisions\/1592"}],"wp:attachment":[{"href":"http:\/\/meditation-chemindesroches.be\/WP\/wp-json\/wp\/v2\/media?parent=401"}],"curies":[{"name":"wp","href":"https:\/\/api.w.org\/{rel}","templated":true}]}}