{"id":24,"date":"2021-10-05T16:54:44","date_gmt":"2021-10-05T14:54:44","guid":{"rendered":"https:\/\/meditation-chemindesroches.be\/WP\/?page_id=24"},"modified":"2021-12-28T17:02:31","modified_gmt":"2021-12-28T16:02:31","slug":"temoignages","status":"publish","type":"page","link":"https:\/\/meditation-chemindesroches.be\/WP\/temoignages\/","title":{"rendered":"T\u00e9moignages"},"content":{"rendered":"\n<p>Si vous avez des photos de votre s\u00e9jour \u00e0 nous partager ou un t\u00e9moignage \u00e0 donner, merci de nous en faire part en nous envoyant un  <a rel=\"noreferrer noopener\" href=\"mailto:info@meditation-chemindesroches.be\" target=\"_blank\">message<\/a>. <\/p>\n\n\n<ul class=\"wp-block-latest-posts__list wp-block-latest-posts\"><li><a class=\"wp-block-latest-posts__post-title\" href=\"https:\/\/meditation-chemindesroches.be\/WP\/journee-paix-inter-religieuse-19-decembre-2023-1\/\">Retraite silencieuse de pleine conscience &#8211; du 8 au 14 janvier 2024<\/a><\/li>\n<li><a class=\"wp-block-latest-posts__post-title\" href=\"https:\/\/meditation-chemindesroches.be\/WP\/journee-paix-inter-religieuse-19-decembre-2023\/\">Journ\u00e9e Paix inter-religieuse &#8211; 17 d\u00e9cembre 2023<\/a><\/li>\n<li><a class=\"wp-block-latest-posts__post-title\" href=\"https:\/\/meditation-chemindesroches.be\/WP\/stage-lactofermentation-2-avril-2023\/\">Stage Lactofermentation &#8211; 2 avril 2023<\/a><\/li>\n<li><a class=\"wp-block-latest-posts__post-title\" href=\"https:\/\/meditation-chemindesroches.be\/WP\/retraite-zen-7-12-decembre-2021-2\/\">Stage calligraphie et arbre &#8211; 22-24 novembre 2022<\/a><\/li>\n<li><a class=\"wp-block-latest-posts__post-title\" href=\"https:\/\/meditation-chemindesroches.be\/WP\/retraite-zen-7-12-decembre-2021-1\/\">Stage danse &#8211; 3-5 mai 2022<\/a><\/li>\n<\/ul>","protected":false},"excerpt":{"rendered":"<p>Si vous avez des photos de votre s\u00e9jour \u00e0 nous partager ou un t\u00e9moignage \u00e0 donner, merci de nous en faire part en nous envoyant&hellip;<\/p>\n","protected":false},"author":1,"featured_media":0,"parent":0,"menu_order":0,"comment_status":"closed","ping_status":"closed","template":"","meta":{"pgc_sgb_lightbox_settings":"","_EventAllDay":false,"_EventTimezone":"","_EventStartDate":"","_EventEndDate":"","_EventStartDateUTC":"","_EventEndDateUTC":"","_EventShowMap":false,"_EventShowMapLink":false,"_EventURL":"","_EventCost":"","_EventCostDescription":"","_EventCurrencySymbol":"","_EventCurrencyCode":"","_EventCurrencyPosition":"","_EventDateTimeSeparator":"","_EventTimeRangeSeparator":"","_EventOrganizerID":[],"_EventVenueID":[],"_OrganizerEmail":"","_OrganizerPhone":"","_OrganizerWebsite":"","_VenueAddress":"","_VenueCity":"","_VenueCountry":"","_VenueProvince":"","_VenueState":"","_VenueZip":"","_VenuePhone":"","_VenueURL":"","_VenueStateProvince":"","_VenueLat":"","_VenueLng":"","_VenueShowMap":false,"_VenueShowMapLink":false,"footnotes":""},"class_list":["post-24","page","type-page","status-publish","hentry"],"rttpg_featured_image_url":null,"rttpg_author":{"display_name":"BarFab","author_link":"https:\/\/meditation-chemindesroches.be\/WP\/author\/barfab\/"},"rttpg_comment":0,"rttpg_category":null,"rttpg_excerpt":"Si vous avez des photos de votre s\u00e9jour \u00e0 nous partager ou un t\u00e9moignage \u00e0 donner, merci de nous en faire part en nous envoyant&hellip;","_links":{"self":[{"href":"https:\/\/meditation-chemindesroches.be\/WP\/wp-json\/wp\/v2\/pages\/24","targetHints":{"allow":["GET"]}}],"collection":[{"href":"https:\/\/meditation-chemindesroches.be\/WP\/wp-json\/wp\/v2\/pages"}],"about":[{"href":"https:\/\/meditation-chemindesroches.be\/WP\/wp-json\/wp\/v2\/types\/page"}],"author":[{"embeddable":true,"href":"https:\/\/meditation-chemindesroches.be\/WP\/wp-json\/wp\/v2\/users\/1"}],"replies":[{"embeddable":true,"href":"https:\/\/meditation-chemindesroches.be\/WP\/wp-json\/wp\/v2\/comments?post=24"}],"version-history":[{"count":9,"href":"https:\/\/meditation-chemindesroches.be\/WP\/wp-json\/wp\/v2\/pages\/24\/revisions"}],"predecessor-version":[{"id":905,"href":"https:\/\/meditation-chemindesroches.be\/WP\/wp-json\/wp\/v2\/pages\/24\/revisions\/905"}],"wp:attachment":[{"href":"https:\/\/meditation-chemindesroches.be\/WP\/wp-json\/wp\/v2\/media?parent=24"}],"curies":[{"name":"wp","href":"https:\/\/api.w.org\/{rel}","templated":true}]}}