{"id":35,"date":"2021-10-05T16:57:12","date_gmt":"2021-10-05T14:57:12","guid":{"rendered":"https:\/\/meditation-chemindesroches.be\/WP\/?page_id=35"},"modified":"2025-12-03T17:44:52","modified_gmt":"2025-12-03T16:44:52","slug":"qui-sommes-nous","status":"publish","type":"page","link":"https:\/\/meditation-chemindesroches.be\/WP\/qui-sommes-nous\/","title":{"rendered":"Qui sommes-nous?"},"content":{"rendered":"\n<p class=\"has-large-font-size\"><strong><em>Qui vous accueille \u00e0 la Maison du Chemin des Roches?<\/em><\/strong><\/p>\n\n\n\n<figure class=\"wp-block-gallery has-nested-images columns-default is-cropped wp-block-gallery-1 is-layout-flex wp-block-gallery-is-layout-flex\">\n<figure class=\"wp-block-image size-large\"><img fetchpriority=\"high\" decoding=\"async\" width=\"1024\" height=\"841\" data-id=\"1762\" src=\"http:\/\/meditation-chemindesroches.be\/WP\/wp-content\/uploads\/2025\/12\/YLO6861-1024x841.jpg\" alt=\"\" class=\"wp-image-1762\" srcset=\"https:\/\/meditation-chemindesroches.be\/WP\/wp-content\/uploads\/2025\/12\/YLO6861-1024x841.jpg 1024w, https:\/\/meditation-chemindesroches.be\/WP\/wp-content\/uploads\/2025\/12\/YLO6861-300x246.jpg 300w, https:\/\/meditation-chemindesroches.be\/WP\/wp-content\/uploads\/2025\/12\/YLO6861-768x631.jpg 768w, https:\/\/meditation-chemindesroches.be\/WP\/wp-content\/uploads\/2025\/12\/YLO6861-1536x1261.jpg 1536w, https:\/\/meditation-chemindesroches.be\/WP\/wp-content\/uploads\/2025\/12\/YLO6861.jpg 2000w\" sizes=\"(max-width: 1024px) 100vw, 1024px\" \/><\/figure>\n\n\n\n<figure class=\"wp-block-image size-large\"><img decoding=\"async\" width=\"1024\" height=\"683\" data-id=\"1444\" src=\"https:\/\/meditation-chemindesroches.be\/WP\/wp-content\/uploads\/2024\/02\/YLO1511-1024x683.jpg\" alt=\"\" class=\"wp-image-1444\" srcset=\"https:\/\/meditation-chemindesroches.be\/WP\/wp-content\/uploads\/2024\/02\/YLO1511-1024x683.jpg 1024w, https:\/\/meditation-chemindesroches.be\/WP\/wp-content\/uploads\/2024\/02\/YLO1511-300x200.jpg 300w, https:\/\/meditation-chemindesroches.be\/WP\/wp-content\/uploads\/2024\/02\/YLO1511-768x512.jpg 768w, https:\/\/meditation-chemindesroches.be\/WP\/wp-content\/uploads\/2024\/02\/YLO1511-391x260.jpg 391w, https:\/\/meditation-chemindesroches.be\/WP\/wp-content\/uploads\/2024\/02\/YLO1511-1536x1024.jpg 1536w, https:\/\/meditation-chemindesroches.be\/WP\/wp-content\/uploads\/2024\/02\/YLO1511-2048x1365.jpg 2048w\" sizes=\"(max-width: 1024px) 100vw, 1024px\" \/><\/figure>\n<\/figure>\n\n\n\n<p>Nous sommes l\u00e0 pour vous accompagner dans le bon d\u00e9roulement de votre s\u00e9jour, de la logistique \u00e0 la cuisine en passant par le m\u00e9nage et l&rsquo;animation, tout est occasion d&rsquo;approfondir notre commune pratique :<\/p>\n\n\n\n<p>Sans oublier le g\u00e9n\u00e9reux soutien de <a href=\"https:\/\/meditation-chemindesroches.be\/WP\/benevolat\/\" data-type=\"URL\" data-id=\"https:\/\/meditation-chemindesroches.be\/WP\/benevolat\/\">b\u00e9n\u00e9voles <\/a>! <\/p>\n\n\n\n<p><\/p>\n","protected":false},"excerpt":{"rendered":"<p>Qui vous accueille \u00e0 la Maison du Chemin des Roches? Nous sommes l\u00e0 pour vous accompagner dans le bon d\u00e9roulement de votre s\u00e9jour, de la&hellip;<\/p>\n","protected":false},"author":1,"featured_media":0,"parent":0,"menu_order":0,"comment_status":"closed","ping_status":"closed","template":"","meta":{"pgc_sgb_lightbox_settings":"","_EventAllDay":false,"_EventTimezone":"","_EventStartDate":"","_EventEndDate":"","_EventStartDateUTC":"","_EventEndDateUTC":"","_EventShowMap":false,"_EventShowMapLink":false,"_EventURL":"","_EventCost":"","_EventCostDescription":"","_EventCurrencySymbol":"","_EventCurrencyCode":"","_EventCurrencyPosition":"","_EventDateTimeSeparator":"","_EventTimeRangeSeparator":"","_EventOrganizerID":[],"_EventVenueID":[],"_OrganizerEmail":"","_OrganizerPhone":"","_OrganizerWebsite":"","_VenueAddress":"","_VenueCity":"","_VenueCountry":"","_VenueProvince":"","_VenueState":"","_VenueZip":"","_VenuePhone":"","_VenueURL":"","_VenueStateProvince":"","_VenueLat":"","_VenueLng":"","_VenueShowMap":false,"_VenueShowMapLink":false,"footnotes":""},"class_list":["post-35","page","type-page","status-publish","hentry"],"rttpg_featured_image_url":null,"rttpg_author":{"display_name":"BarFab","author_link":"https:\/\/meditation-chemindesroches.be\/WP\/author\/barfab\/"},"rttpg_comment":0,"rttpg_category":null,"rttpg_excerpt":"Qui vous accueille \u00e0 la Maison du Chemin des Roches? Nous sommes l\u00e0 pour vous accompagner dans le bon d\u00e9roulement de votre s\u00e9jour, de la&hellip;","_links":{"self":[{"href":"https:\/\/meditation-chemindesroches.be\/WP\/wp-json\/wp\/v2\/pages\/35","targetHints":{"allow":["GET"]}}],"collection":[{"href":"https:\/\/meditation-chemindesroches.be\/WP\/wp-json\/wp\/v2\/pages"}],"about":[{"href":"https:\/\/meditation-chemindesroches.be\/WP\/wp-json\/wp\/v2\/types\/page"}],"author":[{"embeddable":true,"href":"https:\/\/meditation-chemindesroches.be\/WP\/wp-json\/wp\/v2\/users\/1"}],"replies":[{"embeddable":true,"href":"https:\/\/meditation-chemindesroches.be\/WP\/wp-json\/wp\/v2\/comments?post=35"}],"version-history":[{"count":8,"href":"https:\/\/meditation-chemindesroches.be\/WP\/wp-json\/wp\/v2\/pages\/35\/revisions"}],"predecessor-version":[{"id":1763,"href":"https:\/\/meditation-chemindesroches.be\/WP\/wp-json\/wp\/v2\/pages\/35\/revisions\/1763"}],"wp:attachment":[{"href":"https:\/\/meditation-chemindesroches.be\/WP\/wp-json\/wp\/v2\/media?parent=35"}],"curies":[{"name":"wp","href":"https:\/\/api.w.org\/{rel}","templated":true}]}}