{"id":43,"date":"2021-10-05T16:58:15","date_gmt":"2021-10-05T14:58:15","guid":{"rendered":"https:\/\/meditation-chemindesroches.be\/WP\/?page_id=43"},"modified":"2021-10-20T21:23:56","modified_gmt":"2021-10-20T19:23:56","slug":"la-fondation","status":"publish","type":"page","link":"https:\/\/meditation-chemindesroches.be\/WP\/la-fondation\/","title":{"rendered":"La Fondation"},"content":{"rendered":"\n<p class=\"has-large-font-size\"><strong>La Fondation Isabelle D&rsquo;hose<\/strong><\/p>\n\n\n\n<p><strong>Raison d\u2019\u00eatre et grands objectifs de la fondation<\/strong><\/p>\n\n\n\n<p>Cr\u00e9\u00e9e en f\u00e9vrier 2014, la fondation a pour raison d\u2019\u00eatre la mise en place d\u2019un lieu de pratique et de formation \u00e0 la m\u00e9ditation, ouvert \u00e0 tout public.<\/p>\n\n\n\n<p>Elle poursuit les trois grands objectifs suivants&nbsp;:<\/p>\n\n\n\n<ul class=\"wp-block-list\"><li>Soulager ou pr\u00e9venir la souffrance physique, psychologique et\/ou spirituelle \u00e0 l\u2019aide de la pratique de la m\u00e9ditation&nbsp;;<\/li><li>Cr\u00e9es des ponts entre les pratiquants de chemins philosophiques, religieux (1) et spirituels diff\u00e9rents, en ce compris la spiritualit\u00e9 ath\u00e9e (1)<\/li><li>Favoriser des liens entre les praticiens de soin et de la relation d\u2019aide d\u00e9sirant pratiquer la m\u00e9ditation poue prendre soin d\u2019eux-m\u00eames et des autres.<\/li><\/ul>\n\n\n\n<p><strong>D\u00e9finition et description de la m\u00e9ditation<\/strong><\/p>\n\n\n\n<p>La m\u00e9ditation, dans sa forme la plus simple et universelle, est une qualit\u00e9 de pr\u00e9sence douce et ouverte \u00e0 la vie telle qu\u2019elle se d\u00e9ploie d\u2019instant en instant, \u00e0 l\u2019int\u00e9rieur et \u00e0 l\u2019ext\u00e9rieur de soi, notamment \u00e0 travers les perceptions, le corps, la respiration, les pens\u00e9es, les \u00e9motions.<\/p>\n\n\n\n<p>Pratiqu\u00e9e depuis des si\u00e8cles dans des contextes tant la\u00efcs que religieux, elle est au c\u0153ur de l\u2019humain, quelle que soit sa croyance \u2013 ou l\u2019absence de croyance \u2013 de la personne qui la pratique. Comme en t\u00e9moignent les exp\u00e9riences de plus en plus nombreuses avec des personnes vivant des situations de stress (notamment en h\u00f4pital ou en entreprise), la m\u00e9ditation peut soulager la souffrance et aider \u00e0 vivre de mani\u00e8re plus paisible les \u00e9v\u00e8nements et difficult\u00e9s de la vie. Elle recentre et ressource celui qui la pratique en le mettant en contact avec l\u2019essentiel au-del\u00e0 des mots.<\/p>\n\n\n\n<p><strong>Origine et nom de la fondation<\/strong><\/p>\n\n\n\n<p>Isabelle D\u2019hose est une jeune femme d\u00e9c\u00e9d\u00e9e d\u2019un cancer \u00e0 l\u2019\u00e2ge de 19 ans en avril 2009. Pendant deux ans de maladie, sa maman l\u2019a accompagn\u00e9e au jour le jour, dans ses souffrances et ses joies, aid\u00e9e en cela par la m\u00e9ditation qu\u2019elle pratique avec des groupe d\u2019inspirations diverses (la\u00efque, bouddhiste, chr\u00e9tienne). La fondation porte le nom de la jeune femme en souvenir des graines de courage, d\u2019amour et de vie qui ont germ\u00e9 de cette travers\u00e9e et en m\u00e9moire des solidarit\u00e9s que cette \u00e9preuve a suscit\u00e9es entre chercheurs de sens.<\/p>\n\n\n\n<figure class=\"wp-block-gallery columns-5 is-cropped wp-block-gallery-1 is-layout-flex wp-block-gallery-is-layout-flex\"><ul class=\"blocks-gallery-grid\"><li class=\"blocks-gallery-item\"><figure><img fetchpriority=\"high\" decoding=\"async\" width=\"996\" height=\"756\" src=\"http:\/\/meditation-chemindesroches.be\/WP\/wp-content\/uploads\/2021\/10\/100_7413-v2.jpg\" alt=\"\" data-id=\"334\" data-full-url=\"http:\/\/meditation-chemindesroches.be\/WP\/wp-content\/uploads\/2021\/10\/100_7413-v2.jpg\" data-link=\"https:\/\/meditation-chemindesroches.be\/WP\/la-fondation\/100_7413-v2\/\" class=\"wp-image-334\" srcset=\"https:\/\/meditation-chemindesroches.be\/WP\/wp-content\/uploads\/2021\/10\/100_7413-v2.jpg 996w, https:\/\/meditation-chemindesroches.be\/WP\/wp-content\/uploads\/2021\/10\/100_7413-v2-300x228.jpg 300w, https:\/\/meditation-chemindesroches.be\/WP\/wp-content\/uploads\/2021\/10\/100_7413-v2-768x583.jpg 768w\" sizes=\"(max-width: 996px) 100vw, 996px\" \/><\/figure><\/li><li class=\"blocks-gallery-item\"><figure><img decoding=\"async\" width=\"1024\" height=\"768\" src=\"http:\/\/meditation-chemindesroches.be\/WP\/wp-content\/uploads\/2021\/10\/DSCF2630-v2-1024x768.jpg\" alt=\"\" data-id=\"331\" data-full-url=\"http:\/\/meditation-chemindesroches.be\/WP\/wp-content\/uploads\/2021\/10\/DSCF2630-v2-scaled.jpg\" data-link=\"https:\/\/meditation-chemindesroches.be\/WP\/la-fondation\/dscf2630-v2\/\" class=\"wp-image-331\" srcset=\"https:\/\/meditation-chemindesroches.be\/WP\/wp-content\/uploads\/2021\/10\/DSCF2630-v2-1024x768.jpg 1024w, https:\/\/meditation-chemindesroches.be\/WP\/wp-content\/uploads\/2021\/10\/DSCF2630-v2-300x225.jpg 300w, https:\/\/meditation-chemindesroches.be\/WP\/wp-content\/uploads\/2021\/10\/DSCF2630-v2-768x576.jpg 768w, https:\/\/meditation-chemindesroches.be\/WP\/wp-content\/uploads\/2021\/10\/DSCF2630-v2-1536x1152.jpg 1536w, https:\/\/meditation-chemindesroches.be\/WP\/wp-content\/uploads\/2021\/10\/DSCF2630-v2-2048x1536.jpg 2048w\" sizes=\"(max-width: 1024px) 100vw, 1024px\" \/><\/figure><\/li><li class=\"blocks-gallery-item\"><figure><img decoding=\"async\" width=\"720\" height=\"540\" src=\"http:\/\/meditation-chemindesroches.be\/WP\/wp-content\/uploads\/2021\/10\/1501825_10153629675339326_1427012354242986459_n-v2.jpg\" alt=\"\" data-id=\"335\" data-full-url=\"http:\/\/meditation-chemindesroches.be\/WP\/wp-content\/uploads\/2021\/10\/1501825_10153629675339326_1427012354242986459_n-v2.jpg\" data-link=\"https:\/\/meditation-chemindesroches.be\/WP\/la-fondation\/1501825_10153629675339326_1427012354242986459_n-v2\/\" class=\"wp-image-335\" srcset=\"https:\/\/meditation-chemindesroches.be\/WP\/wp-content\/uploads\/2021\/10\/1501825_10153629675339326_1427012354242986459_n-v2.jpg 720w, https:\/\/meditation-chemindesroches.be\/WP\/wp-content\/uploads\/2021\/10\/1501825_10153629675339326_1427012354242986459_n-v2-300x225.jpg 300w\" sizes=\"(max-width: 720px) 100vw, 720px\" \/><\/figure><\/li><li class=\"blocks-gallery-item\"><figure><img loading=\"lazy\" decoding=\"async\" width=\"1024\" height=\"768\" src=\"http:\/\/meditation-chemindesroches.be\/WP\/wp-content\/uploads\/2021\/10\/S5000117-v2-1024x768.jpg\" alt=\"\" data-id=\"332\" data-full-url=\"http:\/\/meditation-chemindesroches.be\/WP\/wp-content\/uploads\/2021\/10\/S5000117-v2.jpg\" data-link=\"https:\/\/meditation-chemindesroches.be\/WP\/la-fondation\/s5000117-v2\/\" class=\"wp-image-332\" srcset=\"https:\/\/meditation-chemindesroches.be\/WP\/wp-content\/uploads\/2021\/10\/S5000117-v2-1024x768.jpg 1024w, https:\/\/meditation-chemindesroches.be\/WP\/wp-content\/uploads\/2021\/10\/S5000117-v2-300x225.jpg 300w, https:\/\/meditation-chemindesroches.be\/WP\/wp-content\/uploads\/2021\/10\/S5000117-v2-768x576.jpg 768w, https:\/\/meditation-chemindesroches.be\/WP\/wp-content\/uploads\/2021\/10\/S5000117-v2-1536x1152.jpg 1536w, https:\/\/meditation-chemindesroches.be\/WP\/wp-content\/uploads\/2021\/10\/S5000117-v2-2048x1536.jpg 2048w\" sizes=\"(max-width: 1024px) 100vw, 1024px\" \/><\/figure><\/li><li class=\"blocks-gallery-item\"><figure><img loading=\"lazy\" decoding=\"async\" width=\"800\" height=\"599\" src=\"http:\/\/meditation-chemindesroches.be\/WP\/wp-content\/uploads\/2021\/10\/100_7411-v2.jpg\" alt=\"\" data-id=\"333\" data-full-url=\"http:\/\/meditation-chemindesroches.be\/WP\/wp-content\/uploads\/2021\/10\/100_7411-v2.jpg\" data-link=\"https:\/\/meditation-chemindesroches.be\/WP\/la-fondation\/100_7411-v2\/\" class=\"wp-image-333\" srcset=\"https:\/\/meditation-chemindesroches.be\/WP\/wp-content\/uploads\/2021\/10\/100_7411-v2.jpg 800w, https:\/\/meditation-chemindesroches.be\/WP\/wp-content\/uploads\/2021\/10\/100_7411-v2-300x225.jpg 300w, https:\/\/meditation-chemindesroches.be\/WP\/wp-content\/uploads\/2021\/10\/100_7411-v2-768x575.jpg 768w\" sizes=\"(max-width: 800px) 100vw, 800px\" \/><\/figure><\/li><\/ul><\/figure>\n\n\n\n<p><strong>Valeurs de la Fondation<\/strong><\/p>\n\n\n\n<p>Les activit\u00e9s de la fondation sont men\u00e9es dans une perspective de simplicit\u00e9, de solidarit\u00e9 et de respect de l\u2019environnement rural o\u00f9 se situe le lieu d\u2019accueil. Une pluralit\u00e9 d\u2019approches m\u00e9ditatives sont propos\u00e9es, en particulier des pratiques issues du programme de m\u00e9ditation la\u00efque bas\u00e9e sur la Pleine conscience ou Mindfulness d\u00e9velopp\u00e9 par Jon Kabat-Zinn, la m\u00e9ditation bouddhiste zen , la m\u00e9ditation h\u00e9sychaste \u2013 d\u2019origine chr\u00e9tienne orientale \u2013 et peut-\u00eatre d\u2019autres formes de m\u00e9ditation, issues de courants anciens ou modernes. Le point central des valeurs de la fondation r\u00e9side dans l\u2019absence de pros\u00e9lytisme, le respect de la sp\u00e9cificit\u00e9 de chaque approche et la compl\u00e8te autonomie par rapport \u00e0 toute institution et autorit\u00e9 philosophique, spirituelle ou religieuse.<\/p>\n\n\n\n<p><strong>Fondatrices<\/strong><\/p>\n\n\n\n<p><em>Fabienne Bauwens<\/em>, psychologue, psychoth\u00e9rapeute, enseignante de pleine conscience\/mindfulness \u00e0 l\u2019h\u00f4pital Erasme, charg\u00e9e de formation \u00e0 l\u2019ULB (formation d\u2019initiation \u00e0 la pleine conscience\/mindfulness et certificat universitaire de formation \u00e0 la pleine Conscience\/mindfulness)<\/p>\n\n\n\n<p><em>Claude Maskens<\/em>, psychoth\u00e9rapeute, dipl\u00f4m\u00e9e compl\u00e9mentaire en sciences psychologiques (Louvain) et enseignante de yoga. Co-fondatrice de l\u2019Association pour le D\u00e9veloppement de la Mindfulness. Enseignante de pleine conscience \u00e0 l\u2019Universit\u00e9 des A\u00een\u00e9s de l\u2019UCL (Bruxelles et Louvain-la-Neuve) et en lib\u00e9rale. Charg\u00e9e de formation \u00e0 l\u2019ULB (certificat universitaire de formation \u00e0 la pleine Conscience\/mindfulness). Initiatrice de la r\u00e9novation de l\u2019ancienne gare de Gastuche en centre de sant\u00e9.<\/p>\n\n\n\n<p><em>Jeanne Detry<\/em>, licenci\u00e9e en psychologie, longue exp\u00e9rience de la m\u00e9ditation, exp\u00e9rience et comp\u00e9tence dans le domaine de l\u2019\u00e9coute et de l\u2019accueil dans ses dimensions pratiques.<br>A r\u00e9alis\u00e9 avec son mari Alain Faucheux la r\u00e9novation du g\u00eete de Ch\u00e2teau-Vieux (Dr\u00f4me) en lieu d\u2019accueil et de ressourcement.<\/p>\n\n\n\n<p><strong>Conseil d\u2019administration<\/strong><\/p>\n\n\n\n<p>Le conseil d\u2019administration est constitu\u00e9 des fondatrices ainsi que d\u2019autres personnes (max 4) choisies \u00e0 l\u2019unanimit\u00e9 par les fondatrices en fonction de leur adh\u00e9sion aux valeurs de la fondation et de leurs comp\u00e9tences pour les responsabilit\u00e9s qui leur seront confi\u00e9es. Activit\u00e9s et les intervenants sont choisis par le conseil d\u2019administration en fonction de leur comp\u00e9tence dans l\u2019enseignement qu\u2019ils transmettent et de leur adh\u00e9sion aux valeurs de la fondation.<\/p>\n\n\n\n<p>En font partie aujourd&rsquo;hui:<\/p>\n\n\n\n<div class=\"wp-block-columns is-layout-flex wp-container-core-columns-is-layout-9d6595d7 wp-block-columns-is-layout-flex\">\n<div class=\"wp-block-column is-layout-flow wp-block-column-is-layout-flow\" style=\"flex-basis:180px\">\n<p><em>Fabienne Bauwens<\/em><br><em>Claude Maskens<\/em><br><em>Jeanne Detry<\/em><br><em>Dominique Goublomme<\/em><br><em>Jackie Atala<\/em><\/p>\n<\/div>\n\n\n\n<div class=\"wp-block-column is-layout-flow wp-block-column-is-layout-flow\">\n<p>Fondatrice, administratrice, responsable d&rsquo;ensemble<br>Fondatrice, administratrice<br>Fondatrice, administratrice <br>Administratrice, d\u00e9l\u00e9gu\u00e9e \u00e0 la gestion journali\u00e8re<br>Administratrice<\/p>\n<\/div>\n<\/div>\n\n\n\n<p><\/p>\n\n\n\n<p class=\"has-small-font-size\">(1) Les termes \u2018spirituels\u2019 et \u2018 religieux\u2019 s\u2019entendent ici dans le sens de \u00ab&nbsp;relier \u00e0 plus vaste que soi&nbsp;\u00bb<\/p>\n\n\n\n<p><\/p>\n\n\n\n<p><\/p>\n","protected":false},"excerpt":{"rendered":"<p>La Fondation Isabelle D&rsquo;hose Raison d\u2019\u00eatre et grands objectifs de la fondation Cr\u00e9\u00e9e en f\u00e9vrier 2014, la fondation a pour raison d\u2019\u00eatre la mise en&hellip;<\/p>\n","protected":false},"author":1,"featured_media":0,"parent":0,"menu_order":0,"comment_status":"closed","ping_status":"closed","template":"","meta":{"pgc_sgb_lightbox_settings":"","_EventAllDay":false,"_EventTimezone":"","_EventStartDate":"","_EventEndDate":"","_EventStartDateUTC":"","_EventEndDateUTC":"","_EventShowMap":false,"_EventShowMapLink":false,"_EventURL":"","_EventCost":"","_EventCostDescription":"","_EventCurrencySymbol":"","_EventCurrencyCode":"","_EventCurrencyPosition":"","_EventDateTimeSeparator":"","_EventTimeRangeSeparator":"","_EventOrganizerID":[],"_EventVenueID":[],"_OrganizerEmail":"","_OrganizerPhone":"","_OrganizerWebsite":"","_VenueAddress":"","_VenueCity":"","_VenueCountry":"","_VenueProvince":"","_VenueState":"","_VenueZip":"","_VenuePhone":"","_VenueURL":"","_VenueStateProvince":"","_VenueLat":"","_VenueLng":"","_VenueShowMap":false,"_VenueShowMapLink":false,"footnotes":""},"class_list":["post-43","page","type-page","status-publish","hentry"],"rttpg_featured_image_url":null,"rttpg_author":{"display_name":"BarFab","author_link":"https:\/\/meditation-chemindesroches.be\/WP\/author\/barfab\/"},"rttpg_comment":0,"rttpg_category":null,"rttpg_excerpt":"La Fondation Isabelle D&rsquo;hose Raison d\u2019\u00eatre et grands objectifs de la fondation Cr\u00e9\u00e9e en f\u00e9vrier 2014, la fondation a pour raison d\u2019\u00eatre la mise en&hellip;","_links":{"self":[{"href":"https:\/\/meditation-chemindesroches.be\/WP\/wp-json\/wp\/v2\/pages\/43","targetHints":{"allow":["GET"]}}],"collection":[{"href":"https:\/\/meditation-chemindesroches.be\/WP\/wp-json\/wp\/v2\/pages"}],"about":[{"href":"https:\/\/meditation-chemindesroches.be\/WP\/wp-json\/wp\/v2\/types\/page"}],"author":[{"embeddable":true,"href":"https:\/\/meditation-chemindesroches.be\/WP\/wp-json\/wp\/v2\/users\/1"}],"replies":[{"embeddable":true,"href":"https:\/\/meditation-chemindesroches.be\/WP\/wp-json\/wp\/v2\/comments?post=43"}],"version-history":[{"count":9,"href":"https:\/\/meditation-chemindesroches.be\/WP\/wp-json\/wp\/v2\/pages\/43\/revisions"}],"predecessor-version":[{"id":548,"href":"https:\/\/meditation-chemindesroches.be\/WP\/wp-json\/wp\/v2\/pages\/43\/revisions\/548"}],"wp:attachment":[{"href":"https:\/\/meditation-chemindesroches.be\/WP\/wp-json\/wp\/v2\/media?parent=43"}],"curies":[{"name":"wp","href":"https:\/\/api.w.org\/{rel}","templated":true}]}}